{"id":864,"date":"2015-11-24T12:43:28","date_gmt":"2015-11-24T11:43:28","guid":{"rendered":"http:\/\/new.evolved-guide.com\/it\/?page_id=864"},"modified":"2015-12-14T15:33:11","modified_gmt":"2015-12-14T14:33:11","slug":"faqs","status":"publish","type":"page","link":"https:\/\/evolved-guide.com\/it\/faqs\/","title":{"rendered":"FAQs"},"content":{"rendered":"<h2 style=\"text-align: center;\"><strong><span style=\"color: #ff6600;\">Utente<\/span><\/strong><\/h2><h4 style=\"text-align: justify;\">\u00a0<\/h4><h4 style=\"text-align: justify;\"><span style=\"color: #ff6600;\"><strong>Devo registrarmi per prenotare un tour?<\/strong><\/span><\/h4><p style=\"text-align: justify;\">S\u00ec, ed \u00e8 gratis, semplice e veloce. Investi solo un minuto del tuo tempo per essere pronto a prenotare la tua indimenticabile esperienza.<\/p><h4 style=\"text-align: justify;\"><span style=\"color: #ff6600;\"><strong>Posso contattare la guida prima di aver prenotato il tour?<\/strong><\/span><\/h4><p style=\"text-align: justify;\">Potete usare il costumer service di Evolved Guide. Dal modulo nei contatti potrete selezionare il nome della guida e la tipologia del tour: penseremo noi a inoltrare le vostre richieste.<\/p><h4 style=\"text-align: justify;\"><span style=\"color: #ff6600;\"><strong>Posso contattare la guida dopo la prenotazione?<\/strong><\/span><\/h4><p style=\"text-align: justify;\">Certo: troverete tutti i suoi riferimenti nel voucher.<\/p><h4 style=\"text-align: justify;\"><strong><span style=\"color: #ff6600;\">Cosa succede se la guida non si presenta o disdice il tour ?<\/span><\/strong><\/h4><p style=\"text-align: justify;\">Se la guida non si presenta per svolgere il tour o lo disdice il cliente viene rimborsato completamente.<\/p><h4 style=\"text-align: justify;\"><strong><span style=\"color: #ff6600;\">Si potrebbe presentare una guida diversa da quella che ho prenotato io?<\/span><\/strong><\/h4><p style=\"text-align: justify;\">La guida, se \u00e8 impossibilitata a svolgere il tour, ha il diritto di essere sostituita da un\u2019altra guida, scelta da lei, di pari livello e preparazione.<\/p><h4 style=\"text-align: justify;\"><span style=\"color: #ff6600;\"><strong>Modalit\u00e0 di pagamento<\/strong><\/span><\/h4><p style=\"text-align: justify;\">I servizi di Evolved Guide vengono saldati per intero al momento della prenotazione. I pagamenti avvengono tramite PayPal: puoi utilizzare direttamente un account Pay Pal o qualsiasi carta di credito integrata nel suo circuito.<\/p><h4 style=\"text-align: justify;\"><span style=\"color: #ff6600;\"><strong>Se devo annullare il mio tour , cosa devo fare?<\/strong><\/span><\/h4><p style=\"text-align: justify;\">Se non puoi pi\u00f9 effettuare il tour devi cancellare la prenotazione direttamente dalla tua area privata, cliccando il tasto &#8220;cancella il tour&#8221; che trovi accanto alla tua prenotazione.<\/p><h4 style=\"text-align: justify;\"><span style=\"color: #ff6600;\"><strong>Ho diritto a un rimborso se cancello il tour?<\/strong><\/span><\/h4><p style=\"text-align: justify;\">La politica di cancellazione di Evolved Guide prevede la possibilit\u00e0 di cancellare il tour in qualsiasi momento senza alcuna motivazione. <br \/>\u00c8 previsto un rimborso del 70% del totale della prenotazione per disdette fino a 5 giorni prima della partenza. <br \/>Il rimborso sar\u00e0 invece del 30% per cancellazioni da 5 a 3 giorni prima della partenza.<br \/>Per cancellazioni a meno di 3 giorni dalla partenza non \u00e8 previsto alcun rimborso.<\/p><h4 style=\"text-align: justify;\"><span style=\"color: #ff6600;\"><strong>Come e quando ricever\u00f2 il rimborso?<\/strong><\/span><\/h4><p style=\"text-align: justify;\">Ti rimborseremo la cifra spettante entro sette giorni dalla cancellazione, con lo stesso metodo di pagamento che hai usato tu.<\/p><p style=\"text-align: justify;\">\u00a0<\/p><h2 style=\"text-align: center;\"><span style=\"color: #ff6600;\"><strong>Tour<\/strong><\/span><\/h2><p>&nbsp;<\/p><h4 style=\"text-align: justify;\"><span style=\"color: #ff6600;\"><strong>Quali elementi devo considerare per scegliere un tour?<\/strong><\/span><\/h4><p style=\"text-align: justify;\">Ogni tour \u00e8 diverso, perch\u00e9 ogni guida pu\u00f2 personalizzarlo come preferisce, dalla durata ai siti inclusi, dal giorno, all&#8217;orario, alla lingua. Oltre a considerare questi elementi puoi scegliere a seconda delle tue preferenze sull&#8217;esperienza e la specializzazione della guida e anche valutare in base ai contenuti del tour o sulla base dei voti ricevuti dagli utenti.<\/p><h4 style=\"text-align: justify;\"><strong><span style=\"color: #ff6600;\">I biglietti dei musei e dei monumenti sono inclusi?<\/span><\/strong><\/h4><p style=\"text-align: justify;\">No, nessun biglietto di museo o monumento \u00e8 incluso nel costo del tour. Ti raccomandiamo di procurarti i biglietti prima dell&#8217;inizio del tour, trovi qualche indicazione utile alla pagina Tickets info o puoi chiedere direttamente alla tua guida.<\/p><h4 style=\"text-align: justify;\"><span style=\"color: #ff6600;\"><strong>Qual \u00e8 la differenza tra i tour privati e i tour di gruppo?<\/strong><\/span><\/h4><p style=\"text-align: justify;\">Prenotando un tour privato avrete una guida a completa disposizione del vostro gruppo con i prezzi che variano a seconda del numero di persone. I tour di gruppo sono invece gruppi aperti, considerati dei semi-private perche gestiti con un numero ristretto, ai quali potrete prendere parte anche da soli e per cui il prezzo \u00e8 fisso per persona.<\/p><h4 style=\"text-align: justify;\"><strong><span style=\"color: #ff6600;\">Gli auricolari sono inclusi ?<\/span><\/strong><\/h4><p style=\"text-align: justify;\">Oltre al tour puoi prenotare anche gli auricolari direttamente dal nostro sistema e il loro costo sar\u00e0 aggiunto al costo del tour. La guida indica sulla scheda il numero minimo di persone per le quali consiglia gli auricolari.<\/p><p style=\"text-align: justify;\">\u00a0<\/p><h2 style=\"text-align: center;\"><span style=\"color: #ff6600;\"><strong>Agenzia<\/strong><\/span><\/h2><h4 style=\"text-align: justify;\"><br \/><strong><span style=\"color: #ff6600;\">Come faccio a vedere le informazioni di ogni tour riservate alle agenzie?<\/span><\/strong><\/h4><p style=\"text-align: justify;\">Per vedere le informazioni e i prezzi dedicate alle agenzie devi creare un profilo apposito e verificare di essere loggato quando navighi il sito. In questo modo visualizzerai solo le schede tour per le agenzie.<\/p><h4 style=\"text-align: justify;\"><span style=\"color: #ff6600;\"><strong>Penso che il mio gruppo potrebbe aver bisogno di pi\u00f9 tempo rispetto alla durata del tour dichiarato dalla guida nella sua scheda.Cosa devo fare?<\/strong><\/span><\/h4><p style=\"text-align: justify;\">Durante la prenotazione del tour potrai indicare il tempo extra di cui hai bisogno, rispetto a quello offerto dalla guida. Nella scheda del tour sar\u00e0 indicata la maggiorazione in percentuale del costo di ogni ora aggiuntiva rapportato al costo totale del tour.<\/p><h4 style=\"text-align: justify;\"><span style=\"color: #ff6600;\"><strong>Se il mio gruppo eccede il numero massimo indicato dalla guida?<\/strong><\/span><\/h4><p style=\"text-align: justify;\">Ogni guida \u00e8 tenuta a indicare un prezzo base riferito a un numero minimo e massimo di persone; allo stesso tempo, se disponibile a lavorare con le agenzie, \u00e8 anche in grado di sostenere gruppi pi\u00f9 grandi: sar\u00e0 quindi indicato il costo aggiuntivo per ogni persona in pi\u00f9. Il costo complessivo verr\u00e0 calcolato in automatico in fase di prenotazione.<\/p><h4 style=\"text-align: justify;\"><strong><span style=\"color: #ff6600;\">Il punto di incontro lo posso stabilire io?<\/span><\/strong><\/h4><p style=\"text-align: justify;\">S\u00ec, per venire incontro alle tue esigenze di gestione dei gruppi, il meeting point potrai concordarlo con la tua guida dopo la prenotazione: troverai i suoi contatti nel voucher.<\/p><h4 style=\"text-align: justify;\"><strong><span style=\"color: #ff6600;\">Modalit\u00e0, costi e tempi di cancellazione sono gli stessi previsti per l&#8217;utente privato.<\/span><\/strong><\/h4><p>&nbsp;<\/p><h2 style=\"text-align: center;\"><span style=\"color: #ff6600;\"><strong>Guide<\/strong><\/span><\/h2><h4 style=\"text-align: justify;\"><br \/><strong><span style=\"color: #ff6600;\">Mi sono registrata come guida sul sito, cosa dovrei fare dopo per essere visibile?<\/span><\/strong><\/h4><p style=\"text-align: justify;\">Devi completare tutti i tuoi dati generali, fiscali e aderire e completare la scheda di almeno un tour.<\/p><h4 style=\"text-align: justify;\"><strong><span style=\"color: #ff6600;\">Mi posso registrare anche con la mia societ\u00e0?<\/span><\/strong><\/h4><p style=\"text-align: justify;\">Al livello fiscale s\u00ec, ma i servizi devono essere svolti da te.<\/p><h4 style=\"text-align: justify;\"><span style=\"color: #ff6600;\"><strong>Quanti tour posso scegliere?<\/strong><\/span><\/h4><p style=\"text-align: justify;\">Ogni guida pu\u00f2 decidere di aderire ai tour che preferisce, uno o tutti. Ovviamente, a maggiori tour corrisponde una maggiore possibilit\u00e0 di essere selezionati, sia per una pi\u00f9 ampia presenza sul sito sia per una pi\u00f9 alta possibilit\u00e0 di ricevere valutazioni.<\/p><h4 style=\"text-align: justify;\"><strong><span style=\"color: #ff6600;\">Che differenza c\u2019\u00e8 se io aderisco a un private tour o a un open tour?<\/span><\/strong><\/h4><p style=\"text-align: justify;\">Il private tour pu\u00f2 essere personalizzato completamente da te, tenendo conto delle caratteristiche generali del tour, con un sottotitolo, descrizione, prezzi, orari di partenza, durata, lingua, meeting point <br \/>L&#8217;unica differenza tra l&#8217;open tour e il tour privato consiste nel fatto che il prezzo al cliente finale, l\u2019orario di partenza, la lingua parlata e il compenso a te riservato sono stabiliti da noi.<\/p><h4 style=\"text-align: justify;\"><span style=\"color: #ff6600;\"><strong>Potrei aggiungere un monumento o un sito a un tour?<\/strong><\/span><\/h4><p style=\"text-align: justify;\">S\u00ec. Tenendo invariate le caratteristiche base del tour, potrete aggiungere tutti i siti turistici che ritenete pi\u00f9 opportuni e interessanti.<br \/>Per esempio, nel tour &#8220;Colosseo, Fori Romani e Palatino&#8221; devi inserire questi tre siti, ma niente vieta che tu preveda una visita anche al Campidoglio se lo ritieni in linea o interessante.<\/p><h4 style=\"text-align: justify;\"><span style=\"color: #ff6600;\"><strong>Cosa implica l&#8217;adesione a lavorare con le agenzie?<\/strong><\/span><\/h4><p style=\"text-align: justify;\">L\u2019agenzia prenoter\u00e0 il tuo tour con le caratteristiche generali di base ma ti potr\u00e0 chiedere delle variazioni e integrazioni al tuo percorso pagando degli extra sia per il tempo necessario che per il numero di persone complessive, inoltre il meeting point verr\u00e0 concordato con l\u2019agenzia dopo la prenotazione. I prezzi che inserirai in questa fase saranno riservati solo all\u2019agenzia.<\/p><h4><span style=\"color: #ff6600;\">Cosa implica l&#8217;adesione ai tour last minute?<\/span><\/h4><p>I tour Last Minute sono quelli che l&#8217;utente pu\u00f2 prenotare con 2 o 3 giorni di anticipo.<br \/>Come guida puoi attivare questa opzione se sei disponibile a fare un tour con un preavviso da 30 a 72 ore.<br \/>Puoi decidere se assegnare uno sconto per i tour: puoi decidere tu quale, ma deve essere minore di quella eventualmente applicata ai last second dello stesso tour.<\/p><h4><span style=\"color: #ff6600;\">Cosa implica l&#8217;adesione ai tour last second?<\/span><\/h4><p>I tour Last Second sono quelli che l&#8217;utente pu\u00f2 prenotare con poche ore di anticipo. Si possono infatti prenotare i tour del pomeriggio (a partire dalle 14.00) fino alle 12.00 del giorno stesso e i tour del giorno successivo fino alle 19 della sera prima.<br \/>Come guida devi attivare questa opzione solo se sei disponibile a fare un determinato tour e quindi presentarti puntuale al punto d&#8217;incontro con un preavviso di sole 2 ore. Ti sconsigliamo di aderire se non hai modo di controllare frequentemente la mail o se pensi di trovarti molto lontano dal punto d&#8217;incontro per quel tour.<br \/>Puoi decidere se assegnare uno sconto per i tour: puoi decidere tu quale, ma deve essere maggiore di quella eventualmente applicata ai last minute dello stesso tour.<\/p><h4 style=\"text-align: justify;\"><span style=\"color: #ff6600;\"><strong>Come funzionano le valutazioni?<\/strong><\/span><\/h4><p style=\"text-align: justify;\">Dopo il tour sar\u00e0 inviata una mail all\u2019utente con la richiesta di valutare il tuo lavoro rispetto a quel tour. I parametri che andranno a comporre la tua valutazione complessiva sono professionalit\u00e0, puntualit\u00e0, preparazione, conoscenza lingua e simpatia. La sommatoria di tutte le valutazioni rilasciate dai vari utenti per quello specifico tour dar\u00e0 la valutazione complessiva per quel tour, l\u2019insieme di tutte le valutazioni di tutti i tour indicher\u00e0 il tuo punteggio totale come guida.<\/p><h4 style=\"text-align: justify;\"><span style=\"color: #ff6600;\"><strong>Come funzionano i pagamenti?<\/strong><\/span><\/h4><p style=\"text-align: justify;\">Alla fine di ogni mese riceverai una mail per informarti che sul tuo profilo \u00e8 disponibile la fattura relativa a tutti i tour effettuati durante il mese. Hai 5 giorni per comunicarci eventuali osservazioni e contestazioni. <br \/>Se non riceveremo riscontro niente, il 5 del mese successivo provvederemo a pagarti quanto dovuto con il metodo di pagamento da te scelto.<br \/>Se non posso essere disponibile in determinati giorni, orari posso bloccare il mio calendario per non essere prenotata?<br \/>S\u00ec, abbiamo configurato un calendario totalmente flessibile che ti permette di gestire i tuoi impegni ed esigenze, per cui il sistema non ti mostrer\u00e0 disponibile.<\/p><h4 style=\"text-align: justify;\"><span style=\"color: #ff6600;\"><strong>Devo bloccare io i giorni in cui i musei \/siti inclusi nel tour sono chiusi?<\/strong><\/span><\/h4><p style=\"text-align: justify;\">EG bloccher\u00e0 i giorni ufficiali di chiusura dichiarati sul calendario dei siti\/musei che sappiamo con certezza che sono inclusi nel tuo tour. I giorni che EG ha chiuso li troverai nella scheda di compilazione di ogni tour.<br \/>Per tutte quelle visite ai musei\/siti non prevedibili da EG che hai incluso nel tuo tour dovrai provvedere, tu nei giorni non accessibili, alla chiusura delle date direttamente dal tuo calendario interno che trovi nella scheda di quel tour. Es. Appian Way and catacombs, la guida deve bloccare i giorni di chiusura di quelle catacombe che ha deciso di includere nel suo tour.<\/p><h4 style=\"text-align: justify;\"><span style=\"color: #ff6600;\"><strong>Cancellazione tour<\/strong><\/span><\/h4><p style=\"text-align: justify;\">La nostra piattaforma prevede che il tour possa essere annullato, senza che ti sia versato alcun compenso, fino a 48 ore prima della partenza. Nel caso vengano cancellati successivamente ti sar\u00e0 accreditato l&#8217;importo totale del tour al netto della commissione di gestione.<br \/>Le 48 ore vengono calcolate sull&#8217;orario effettivo di partenza.<\/p><h4 style=\"text-align: justify;\"><span style=\"color: #ff6600;\"><strong>Qual \u00e8 la commissione di EG?<\/strong><\/span><\/h4><p style=\"text-align: justify;\"><br \/>Il 20% del prezzo finale<\/p>","protected":false},"excerpt":{"rendered":"<p>Utente\u00a0Devo registrarmi per prenotare un tour?S\u00ec, ed \u00e8 gratis, semplice e veloce. Investi solo un minuto del tuo tempo per essere pronto a prenotare la tua indimenticabile esperienza.Posso contattare la guida prima di aver prenotato&#8230;<\/p>\n","protected":false},"author":2,"featured_media":0,"parent":0,"menu_order":0,"comment_status":"closed","ping_status":"closed","template":"","meta":[],"_links":{"self":[{"href":"https:\/\/evolved-guide.com\/it\/wp-json\/wp\/v2\/pages\/864"}],"collection":[{"href":"https:\/\/evolved-guide.com\/it\/wp-json\/wp\/v2\/pages"}],"about":[{"href":"https:\/\/evolved-guide.com\/it\/wp-json\/wp\/v2\/types\/page"}],"author":[{"embeddable":true,"href":"https:\/\/evolved-guide.com\/it\/wp-json\/wp\/v2\/users\/2"}],"replies":[{"embeddable":true,"href":"https:\/\/evolved-guide.com\/it\/wp-json\/wp\/v2\/comments?post=864"}],"version-history":[{"count":0,"href":"https:\/\/evolved-guide.com\/it\/wp-json\/wp\/v2\/pages\/864\/revisions"}],"wp:attachment":[{"href":"https:\/\/evolved-guide.com\/it\/wp-json\/wp\/v2\/media?parent=864"}],"curies":[{"name":"wp","href":"https:\/\/api.w.org\/{rel}","templated":true}]}}