{"id":587,"date":"2015-10-09T17:06:52","date_gmt":"2015-10-09T15:06:52","guid":{"rendered":"http:\/\/new.evolved-guide.com\/it\/?page_id=587"},"modified":"2020-04-15T14:42:17","modified_gmt":"2020-04-15T12:42:17","slug":"diventa-una-guida-evolved-guide","status":"publish","type":"page","link":"https:\/\/evolved-guide.com\/it\/diventa-una-guida-evolved-guide\/","title":{"rendered":"Diventa una Evolved Guide!"},"content":{"rendered":"<h1 style=\"text-align: left;\"><span style=\"font-size: 16px;\"><strong><span style=\"color: #ff6600;\">Diventa Subito una Guida Turistica Certificata Evolved Guide!<\/span><\/strong><\/span><\/h1>\r\n<p style=\"text-align: justify;\">I tuoi tour guidati con la forza di diffusione e promozione di un grande portale.\r\n<strong>Evolved Guide<\/strong> \u00e8 la\u00a0<strong>piattaforma<\/strong> dedicata al turismo di Roma e Lazio che permette a <strong>guide turistiche\u00a0autorizzate<\/strong>\u00a0di <strong>personalizzare<\/strong> completamente <strong>i tour<\/strong> proposti: dall&#8217;itinerario al prezzo.<\/p>\r\n<p style=\"text-align: justify;\">La tua unicit\u00e0 \u00e8 la nostra forza: sono infatti i tour privati delle guide ad avere la maggiore visibilit\u00e0 sul sito, ma ti offriamo anche la possibilit\u00e0 di aderire ai tour aperti e di lavorare per le agenzie.<\/p>\r\n<p style=\"text-align: justify;\">Un profilo su Evolved Guide ti conviene perch\u00e9:<\/p>\r\n\r\n<ol style=\"text-align: justify;\">\r\n \t<li>\u00c8 un un nuovo modo per farti promozione<\/li>\r\n \t<li>Hai pi\u00f9 visibilit\u00e0<\/li>\r\n \t<li>Hai alte possibilit\u00e0 di personalizzazione<\/li>\r\n \t<li>\u00c8 facile da gestire<\/li>\r\n \t<li>Stabilisci tu il prezzo<\/li>\r\n \t<li>Hai la garanzia dell&#8217;incasso<\/li>\r\n \t<li>Ti saldiamo il compenso mensile entro il 5 del mese successivo<\/li>\r\n \t<li>\u00c8 gratis<\/li>\r\n<\/ol>\r\n<p style=\"text-align: justify;\">Ricordati che pi\u00f9 rendi interessante e flessibile il tuo tour maggiori saranno le possibilit\u00e0 di visibilit\u00e0 (sul portale e anche sui motori di ricerca).<\/p>\r\n<p style=\"text-align: justify;\">Per esempio: personalizza il tour con una descrizione accattivante &#8211; inserisci diversi orari di partenza- aderisci alle opzioni last minute e last second\u00a0&#8211; renditi disponibile per i tour aperti\u00a0&#8211; accetta di lavorare anche per le agenzie\u00a0&#8211; invita i turisti a dare un feedback della loro esperienza.<\/p>\r\n<p style=\"text-align: justify;\">Evolved Guide \u00e8 qui per te, non aspettare: <strong>iscriviti<\/strong> e <strong>compila gli itinerari<\/strong>.<\/p>\r\n<p style=\"text-align: center;\">Registrati e diventa ora una <strong>Guida Turistica Certificata Evolved Guide!<\/strong><\/p>\r\n\r\n<h4 style=\"text-align: left;\"><strong><span style=\"color: #ff6600;\">\u00a0<\/span><\/strong><\/h4>","protected":false},"excerpt":{"rendered":"<p>Diventa Subito una Guida Turistica Certificata Evolved Guide! I tuoi tour guidati con la forza di diffusione e promozione di un grande portale. Evolved Guide \u00e8 la\u00a0piattaforma dedicata al turismo di Roma e Lazio che&#8230;<\/p>\n","protected":false},"author":2,"featured_media":1292,"parent":0,"menu_order":0,"comment_status":"closed","ping_status":"closed","template":"guide-register.php","meta":[],"_links":{"self":[{"href":"https:\/\/evolved-guide.com\/it\/wp-json\/wp\/v2\/pages\/587"}],"collection":[{"href":"https:\/\/evolved-guide.com\/it\/wp-json\/wp\/v2\/pages"}],"about":[{"href":"https:\/\/evolved-guide.com\/it\/wp-json\/wp\/v2\/types\/page"}],"author":[{"embeddable":true,"href":"https:\/\/evolved-guide.com\/it\/wp-json\/wp\/v2\/users\/2"}],"replies":[{"embeddable":true,"href":"https:\/\/evolved-guide.com\/it\/wp-json\/wp\/v2\/comments?post=587"}],"version-history":[{"count":0,"href":"https:\/\/evolved-guide.com\/it\/wp-json\/wp\/v2\/pages\/587\/revisions"}],"wp:featuredmedia":[{"embeddable":true,"href":"https:\/\/evolved-guide.com\/it\/wp-json\/wp\/v2\/media\/1292"}],"wp:attachment":[{"href":"https:\/\/evolved-guide.com\/it\/wp-json\/wp\/v2\/media?parent=587"}],"curies":[{"name":"wp","href":"https:\/\/api.w.org\/{rel}","templated":true}]}}