{"id":228,"date":"2015-08-31T17:08:19","date_gmt":"2015-08-31T15:08:19","guid":{"rendered":"http:\/\/new.evolved-guide.com\/it\/?page_id=228"},"modified":"2018-06-02T10:40:20","modified_gmt":"2018-06-02T08:40:20","slug":"tour-privati","status":"publish","type":"page","link":"https:\/\/evolved-guide.com\/it\/tour-privati\/","title":{"rendered":"I migliori Tour  Guidati di Roma con la tua Guida Privata Certificata Evolved Guide"},"content":{"rendered":"Evolved<strong> Guide<\/strong> ha selezionato per te i <strong>migliori tour privati<\/strong> di Roma e dintorni, tra siti archeologici, musei, chiese e passeggiate notturne. Le nostre <strong>guide private autorizzate<\/strong> li hanno personalizzati con la loro esperienza, arricchendoli con spunti e idee, servizi utili come transfer, biglietti di ingresso e tanti suggerimenti e consigli per rendere unico e indimenticabile il tuo soggiorno.\r\n\r\nScegli il <strong>percorso turistico<\/strong> di tuo interesse e conosci la tua <strong>guida privata<\/strong> prima di incontrarla, leggendo il suo profilo, guardando la sua foto, le sue <strong>offerte<\/strong>, le disponibilit\u00e0 di orario, i prezzi e i siti archeologici \u00a0inclusi nel suo tour. Ricorda che lo stesso tour \u00e8 diverso da guida a guida.\r\n\r\nConosci meglio la tua guida prima sulla nostra piattaforma Evolved Guide e fatti accogliere al punto di incontro non solo da un professionista ma anche da un\u2019amica!\r\n\r\nI nostri tour privati sono tra i \u00a0migliori di Roma. Scopri l\u2019anfiteatro antico piu grande al mondo, il <strong>Colosseo<\/strong>,\u00a0 la collezione pi\u00f9 ricca d\u2019arte del <strong>Vaticano<\/strong> all\u2019interno dei <strong>Musei Vaticani<\/strong>, le piazze e le fontane della <strong>Roma Barocca<\/strong>, le <strong>catacombe<\/strong> e la regina delle strade antiche romane, la Via <strong>Appia Antica<\/strong>; le mille fontane musicali\u00a0 di <strong>Villa D\u2019Este<\/strong> e tanti altri tour di Evolved Guide.\r\n\r\nLa guida turistica Evolved Guide \u00e8 a completa disposizione del tuo gruppo: chiedi e fatti raccontare. Godetevi la citt\u00e0 senza fretta, assaporando la citt\u00e0 e le sue storie: siete in vacanza!\r\n\r\nNon ti resta che organizzare il tuo viaggio con la famiglia o gli amici e scegliere il tour privato che preferisci e la guida privata del posto che meglio soddisfa le tue esigenze.\r\n\r\nDai un occhiata anche alle offerte <a href=\"https:\/\/evolved-guide.com\/it\/tutti-i-tour-last-minute\/\"><strong>Last minute <\/strong><\/a>&amp; <strong><a href=\"https:\/\/evolved-guide.com\/all-last-second-tours\/\">Last Second <\/a>Guided Private Tour<\/strong> che le nostre guide hanno riservato per te.\r\n\r\nPrenota il tuo <strong>tour privato<\/strong> e torna a casa con <strong>l\u2019esperienza unica della tua<span style=\"color: #ff6600;\"><em> Guida Turistica Privata Certificata Evolved Guide!<\/em><\/span><\/strong>","protected":false},"excerpt":{"rendered":"<p>Evolved Guide ha selezionato per te i migliori tour privati di Roma e dintorni, tra siti archeologici, musei, chiese e passeggiate notturne. Le nostre guide private autorizzate li hanno personalizzati con la loro esperienza, arricchendoli&#8230;<\/p>\n","protected":false},"author":2,"featured_media":1229,"parent":0,"menu_order":0,"comment_status":"closed","ping_status":"closed","template":"tours-view.php","meta":[],"_links":{"self":[{"href":"https:\/\/evolved-guide.com\/it\/wp-json\/wp\/v2\/pages\/228"}],"collection":[{"href":"https:\/\/evolved-guide.com\/it\/wp-json\/wp\/v2\/pages"}],"about":[{"href":"https:\/\/evolved-guide.com\/it\/wp-json\/wp\/v2\/types\/page"}],"author":[{"embeddable":true,"href":"https:\/\/evolved-guide.com\/it\/wp-json\/wp\/v2\/users\/2"}],"replies":[{"embeddable":true,"href":"https:\/\/evolved-guide.com\/it\/wp-json\/wp\/v2\/comments?post=228"}],"version-history":[{"count":0,"href":"https:\/\/evolved-guide.com\/it\/wp-json\/wp\/v2\/pages\/228\/revisions"}],"wp:featuredmedia":[{"embeddable":true,"href":"https:\/\/evolved-guide.com\/it\/wp-json\/wp\/v2\/media\/1229"}],"wp:attachment":[{"href":"https:\/\/evolved-guide.com\/it\/wp-json\/wp\/v2\/media?parent=228"}],"curies":[{"name":"wp","href":"https:\/\/api.w.org\/{rel}","templated":true}]}}