{"id":123,"date":"2015-08-13T15:34:06","date_gmt":"2015-08-13T13:34:06","guid":{"rendered":"http:\/\/new.evolved-guide.com\/it\/?page_id=123"},"modified":"2022-07-25T10:07:12","modified_gmt":"2022-07-25T08:07:12","slug":"chi-siamo","status":"publish","type":"page","link":"https:\/\/evolved-guide.com\/it\/chi-siamo\/","title":{"rendered":"Chi siamo"},"content":{"rendered":"[vc_row][vc_column][vc_column_text]\r\n<h2><b style=\"color: #ff6600;\">LA NOSTRA STORIA<\/b><\/h2>\r\nEvolved Guide <strong>nasce<\/strong> per mettere in connessione i viaggiatori con le guide turistiche autorizzate di Roma e Lazio in modo trasparente e immediato. La piattaforma online offre a entrambi i protagonisti un\u2019ampia lista di scelte e vantaggi per ogni gusto e ogni tasca.\r\n\r\nIl progetto nasce da un\u2019approfondita ricerca di mercato e dall\u2019esperienza acquisita dal nostro team nel settore turistico. L\u2019obiettivo \u00e8 di migliorare le offerte simili gi\u00e0 presenti sul mercato facilitando il rapporto utente-guida e sfruttando al massimo la tecnologia digitale.\r\n\r\nLe guide possono conservare la loro unicit\u00e0 personalizzando gli itinerari praticamente in ogni aspetto e potendo cos\u00ec inserire tutta la loro esperienza e passione in ogni tour.\r\n\r\nI viaggiatori di conseguenza potranno scegliere, tra le molte opzioni, quella che pi\u00f9 si adatta a loro, non solo per tempi e destinazione, ma soprattutto per contenuti e modi di affrontare le mete scelte. Abbiamo pensato anche a quelli che programmano i viaggi all\u2019ultimo minuto che potranno approfittare delle nostre offerte last minute e last second. E abbiamo riservato una sezione speciale per le agenzie che possono contare su di noi anche quando ricevono richieste di tour guidati per un numero maggiore di clienti, all\u2019ultimo momento e in alta stagione. Evolved Guide inizia la sua avventura con un progetto locale, partendo da Roma, la capitale del turismo. La prospettiva \u00e8 di proseguire con le altre mete turistiche italiane e poi mondiali per garantirvi una sempre pi\u00f9 ampia scelta nei vostri percorsi culturali.\r\n\r\nPerch\u00e9 il nostro obiettivo \u00e8 quello di offrire, sia ai viaggiatori che alle guide, uno degli aspetti fondamentali del viaggio: la scelta.\r\n\r\nEvolved Guide \u00e8 un progetto culturale realizzato grazie al contributo finanziato dal Bando \u201cCultura Futura\u201d, POR FESR LAZIO 2007-2013 Asse I.7\r\n<h2 style=\"margin-top: 50px;\"><b style=\"color: #ff6600; margin-top: 50px;\">INTERNAZIONALIZZAZIONE IN EUROPA<\/b><\/h2>\r\nEvolved Guide diventa la prima piattaforma al mondo dedicata alla prenotazione on line di <strong>guide<\/strong> turistiche private autorizzate per lo svolgimento di tour nelle principali capitali europee.\r\n\r\nLanciata a Roma, in poco tempo ha coperto tutta l&#8217;Italia e l&#8217;intero territorio europeo successivamente. Il portale web www.evolved-guide.com sviluppato sia in lingua italiana sia inglese, integra un booking professionale in grado di permettere agli utenti da tutto il mondo privati e business (come agenzie turistiche e tour operator) di cercare con un sistema facile ed immediato i migliori tour a cui associare una guida turistica professionale.\r\n\r\nIl progetto: EVOLVED GUIDE \u00e8 il primo booking al mondo di guide turistiche autorizzate supportato per l&#8217;internazionalizzazione grazie al cofinanziamento dell\u2019Unione Europea nell\u2019ambito dei Progetti Europei, Avviso pubblico in attuazione del Programma Operativo Regionale Lazio 2014-2020 ed in particolare con l\u2019Azione 3.4.1 \u201cProgetti di promozione dell\u2019export destinate a imprese e loro forme aggregate individuate su base territoriale o settoriale\u201d, Sub-Azione \u201cStrumenti per l\u2019internazionalizzazione del sistema produttivo, in conformit\u00e0 con la relativa Scheda Modalit\u00e0 Attuative Programma Operativo (\u00abMAPO\u00bb) approvata con la Deliberazione di Giunta Regionale n. 453 del 26 luglio 2016 e ss.mm.ii. ed in coerenza con la L. R. 27 maggio 2008, n. 5 \u201cDisciplina degli interventi regionali a sostegno dell\u2019internazionalizzazione delle piccole e medie imprese del Lazio\u201d.\r\n\r\nL\u2019internazionalizzazione: La Regione Lazio, attraverso il presente Avviso, mira a rafforzare la competitivit\u00e0 del sistema produttivo laziale mediante la concessione di sovvenzioni (contributi a fondo perduto) per Progetti di internazionalizzazione realizzati da PMI, in forma singola e associata, rappresentative dei comparti e settori regionali, prioritariamente quelli ricadenti nelle aree della Smart Specialisation Strategy (RIS3) regionale adottata con DGR n. 281 del 31 maggio 2016.\r\n\r\n<img loading=\"lazy\" class=\"alignnone size-medium wp-image-7814\" src=\"https:\/\/it.evolved-guide.com\/wp-content\/uploads\/2021\/04\/chi-siamo-Evolved-Guide-300x43.jpg\" alt=\"\" width=\"300\" height=\"43\" srcset=\"https:\/\/evolved-guide.com\/wp-content\/uploads\/2021\/04\/chi-siamo-Evolved-Guide-300x43.jpg 300w, https:\/\/evolved-guide.com\/wp-content\/uploads\/2021\/04\/chi-siamo-Evolved-Guide-1024x147.jpg 1024w, https:\/\/evolved-guide.com\/wp-content\/uploads\/2021\/04\/chi-siamo-Evolved-Guide-768x110.jpg 768w, https:\/\/evolved-guide.com\/wp-content\/uploads\/2021\/04\/chi-siamo-Evolved-Guide.jpg 1129w\" sizes=\"(max-width: 300px) 100vw, 300px\" \/>\r\n\r\nGrazie al contributo regionale, il progetto Evolved Guide \u00e8 stato esteso alle quattro principali capitali europee: Berlino, Londra, Parigi e Madrid, facendo cos\u00ec conoscere il progetto italiano nato nella citt\u00e0 di Roma.\r\n<h2 style=\"margin-top: 50px;\"><b style=\"color: #ff6600; margin-top: 50px;\">INTERNAZIONALIZZAZIONE NEL MONDO<\/b><\/h2>\r\n<span style=\"font-weight: 400;\">Evolved Guide cresce e si estende a tutto il mondo. Il suo obiettivo \u00e8 creare percorsi turistici adatti ai walking tour che possano svolgere guide turistiche professionali e autorizzate preparate, che diversamente dai tipici locali possano svolgere la loro professione.<\/span>\r\n\r\n<span style=\"font-weight: 400;\">La missione di Evolved Guide \u00e8 quella di permettere a tutti di trovare facilmente una guida turistica al prezzo che si addice di pi\u00f9 alle proprie tasche.<\/span>\r\n\r\n<span style=\"font-weight: 400;\">Dal 2022 Evolved Guide coprir\u00e0 tutte le nazioni dall&#8217;America all&#8217;Europa fino all&#8217;Asia e Pacifico.<\/span>\r\n\r\n<span style=\"font-weight: 400;\">Il progetto: EVOLVED GUIDE NEL MONDO viene realizzato grazie al cofinanziamento dell\u2019Unione Europea nell\u2019ambito dei Progetti Europei, <\/span><i><span style=\"font-weight: 400;\">Avviso Pubblico &#8220;Incentivi all&#8217;acquisto di servizi di supporto all&#8217;internazionalizzazione in favore delle PMI&#8221; PROGETTI DI INTERNAZIONALIZZAZIONE &#8211; POR FESR Lazio 2014-2020 Asse 3 Competitivit\u00e0) Azione 3.4.1 &#8211; Progetti di promozione dell&#8217;export destinati a imprese e loro forme aggregate individuate su base territoriale o settoriale sub-azione Strumenti per l&#8217;internazionalizzazione del sistema produttivo.<\/span><\/i>\r\n\r\n<img loading=\"lazy\" class=\"alignnone size-medium wp-image-7814\" src=\"https:\/\/it.evolved-guide.com\/wp-content\/uploads\/2021\/04\/chi-siamo-Evolved-Guide-300x43.jpg\" alt=\"\" width=\"300\" height=\"43\" srcset=\"https:\/\/evolved-guide.com\/wp-content\/uploads\/2021\/04\/chi-siamo-Evolved-Guide-300x43.jpg 300w, https:\/\/evolved-guide.com\/wp-content\/uploads\/2021\/04\/chi-siamo-Evolved-Guide-1024x147.jpg 1024w, https:\/\/evolved-guide.com\/wp-content\/uploads\/2021\/04\/chi-siamo-Evolved-Guide-768x110.jpg 768w, https:\/\/evolved-guide.com\/wp-content\/uploads\/2021\/04\/chi-siamo-Evolved-Guide.jpg 1129w\" sizes=\"(max-width: 300px) 100vw, 300px\" \/>\r\n\r\n<span style=\"font-weight: 400;\">Grazie a questo prezioso contributo, il progetto Evolved Guide verr\u00e0 conosciuto in tutto il mondo promuovendo le destinazioni di tutti i paesi ma anche e soprattutto l&#8217;Italia che rappresenta all&#8217;interno della piattaforma il maggior numero di citt\u00e0 e percorsi individuati, essendo anche l&#8217;Italia il Paese che raccoglie il maggior numero di siti UNESCO.<\/span>[\/vc_column_text][\/vc_column][\/vc_row]","protected":false},"excerpt":{"rendered":"<p>[vc_row][vc_column][vc_column_text] LA NOSTRA STORIA Evolved Guide nasce per mettere in connessione i viaggiatori con le guide turistiche autorizzate di Roma e Lazio in modo trasparente e immediato. La piattaforma online offre a entrambi i protagonisti&#8230;<\/p>\n","protected":false},"author":2,"featured_media":1271,"parent":0,"menu_order":0,"comment_status":"closed","ping_status":"closed","template":"about.php","meta":[],"_links":{"self":[{"href":"https:\/\/evolved-guide.com\/it\/wp-json\/wp\/v2\/pages\/123"}],"collection":[{"href":"https:\/\/evolved-guide.com\/it\/wp-json\/wp\/v2\/pages"}],"about":[{"href":"https:\/\/evolved-guide.com\/it\/wp-json\/wp\/v2\/types\/page"}],"author":[{"embeddable":true,"href":"https:\/\/evolved-guide.com\/it\/wp-json\/wp\/v2\/users\/2"}],"replies":[{"embeddable":true,"href":"https:\/\/evolved-guide.com\/it\/wp-json\/wp\/v2\/comments?post=123"}],"version-history":[{"count":8,"href":"https:\/\/evolved-guide.com\/it\/wp-json\/wp\/v2\/pages\/123\/revisions"}],"predecessor-version":[{"id":8188,"href":"https:\/\/evolved-guide.com\/it\/wp-json\/wp\/v2\/pages\/123\/revisions\/8188"}],"wp:featuredmedia":[{"embeddable":true,"href":"https:\/\/evolved-guide.com\/it\/wp-json\/wp\/v2\/media\/1271"}],"wp:attachment":[{"href":"https:\/\/evolved-guide.com\/it\/wp-json\/wp\/v2\/media?parent=123"}],"curies":[{"name":"wp","href":"https:\/\/api.w.org\/{rel}","templated":true}]}}